{"id":1367,"date":"2024-12-08T09:50:07","date_gmt":"2024-12-08T09:50:07","guid":{"rendered":"https:\/\/iplanet.eu\/il-brand\/"},"modified":"2025-12-22T17:31:17","modified_gmt":"2025-12-22T17:31:17","slug":"brand","status":"publish","type":"page","link":"https:\/\/iplanet.eu\/en\/brand\/","title":{"rendered":"OUR BRAND"},"content":{"rendered":"<h2>Manifesto<\/h2>\n<p>C\u2019\u00e8 un\u2019energia nuova sulla strada.<br \/>\nNon \u00e8 solo quella che alimenta i motori, ma \u00e8 quella che ispira chi ama vedere oltre.<br \/>\n\u00c8 l\u2019energia di chi fa scelte differenti, di chi sa che fermarsi \u00e8 in realt\u00e0 un\u2019occasione per andare pi\u00f9 lontano, di chi vuole aprirsi al cambiamento.<br \/>\nQuesta energia ha un nome: IPlanet.<br \/>\nUn nuovo mondo di servizi dedicati a chi vede in ogni viaggio una promessa, a chi sceglie l\u2019elettrico come mezzo per un fine pi\u00f9 grande.<br \/>\nIPlanet \u00e8 molto pi\u00f9 di una semplice area di sosta, \u00e8 un ecosistema in continua evoluzione, in cui digitale e reale si fondono.<br \/>\nUn luogo in cui ogni ricarica diventa un momento di connessione e dove ogni attimo si carica di opportunit\u00e0.<br \/>\nIPlanet. L\u2019energia che ti guida.<\/p>\n","protected":false},"excerpt":{"rendered":"<p>Manifesto C\u2019\u00e8 un\u2019energia nuova sulla strada. Non \u00e8 solo quella che alimenta i motori, ma \u00e8 quella che ispira chi ama vedere oltre. \u00c8 l\u2019energia di chi fa scelte differenti, di chi sa che fermarsi \u00e8 in realt\u00e0 un\u2019occasione per andare pi\u00f9 lontano, di chi vuole aprirsi al cambiamento. Questa energia ha un nome: IPlanet. [&hellip;]<\/p>\n","protected":false},"author":1,"featured_media":623,"parent":0,"menu_order":0,"comment_status":"closed","ping_status":"closed","template":"iplanet.php","meta":{"_acf_changed":false,"_seopress_robots_primary_cat":"","_seopress_titles_title":"Our Brand - IPlanet","_seopress_titles_desc":"IPlanet aims to transform service stations from rest areas to living spaces; to promote a cultural shift that can no longer be postponed.","_seopress_robots_index":"","inline_featured_image":false,"footnotes":""},"class_list":["post-1367","page","type-page","status-publish","has-post-thumbnail","hentry"],"acf":[],"_links":{"self":[{"href":"https:\/\/iplanet.eu\/en\/wp-json\/wp\/v2\/pages\/1367","targetHints":{"allow":["GET"]}}],"collection":[{"href":"https:\/\/iplanet.eu\/en\/wp-json\/wp\/v2\/pages"}],"about":[{"href":"https:\/\/iplanet.eu\/en\/wp-json\/wp\/v2\/types\/page"}],"author":[{"embeddable":true,"href":"https:\/\/iplanet.eu\/en\/wp-json\/wp\/v2\/users\/1"}],"replies":[{"embeddable":true,"href":"https:\/\/iplanet.eu\/en\/wp-json\/wp\/v2\/comments?post=1367"}],"version-history":[{"count":7,"href":"https:\/\/iplanet.eu\/en\/wp-json\/wp\/v2\/pages\/1367\/revisions"}],"predecessor-version":[{"id":2376,"href":"https:\/\/iplanet.eu\/en\/wp-json\/wp\/v2\/pages\/1367\/revisions\/2376"}],"wp:featuredmedia":[{"embeddable":true,"href":"https:\/\/iplanet.eu\/en\/wp-json\/wp\/v2\/media\/623"}],"wp:attachment":[{"href":"https:\/\/iplanet.eu\/en\/wp-json\/wp\/v2\/media?parent=1367"}],"curies":[{"name":"wp","href":"https:\/\/api.w.org\/{rel}","templated":true}]}}