{"id":1361,"date":"2024-12-08T09:51:17","date_gmt":"2024-12-08T09:51:17","guid":{"rendered":"https:\/\/iplanet.eu\/ricarica-veloce\/"},"modified":"2025-03-02T10:07:01","modified_gmt":"2025-03-02T10:07:01","slug":"ultrafast-charging","status":"publish","type":"page","link":"https:\/\/iplanet.eu\/en\/ultrafast-charging\/","title":{"rendered":"Ultrafast Charging"},"content":{"rendered":"","protected":false},"excerpt":{"rendered":"","protected":false},"author":1,"featured_media":636,"parent":0,"menu_order":0,"comment_status":"closed","ping_status":"closed","template":"ricarica-ultraveloce.php","meta":{"_acf_changed":false,"_seopress_robots_primary_cat":"","_seopress_titles_title":"Ricarica Ultra Veloce - IPlanet","_seopress_titles_desc":"Ricarica al massimo della velocit\u00e0 con IPlanet. Scopri la tecnologia pi\u00f9 avanzata per garantirti la massima rapidit\u00e0 ed efficienza.","_seopress_robots_index":"","inline_featured_image":false,"footnotes":""},"class_list":["post-1361","page","type-page","status-publish","has-post-thumbnail","hentry"],"acf":[],"_links":{"self":[{"href":"https:\/\/iplanet.eu\/en\/wp-json\/wp\/v2\/pages\/1361","targetHints":{"allow":["GET"]}}],"collection":[{"href":"https:\/\/iplanet.eu\/en\/wp-json\/wp\/v2\/pages"}],"about":[{"href":"https:\/\/iplanet.eu\/en\/wp-json\/wp\/v2\/types\/page"}],"author":[{"embeddable":true,"href":"https:\/\/iplanet.eu\/en\/wp-json\/wp\/v2\/users\/1"}],"replies":[{"embeddable":true,"href":"https:\/\/iplanet.eu\/en\/wp-json\/wp\/v2\/comments?post=1361"}],"version-history":[{"count":5,"href":"https:\/\/iplanet.eu\/en\/wp-json\/wp\/v2\/pages\/1361\/revisions"}],"predecessor-version":[{"id":1448,"href":"https:\/\/iplanet.eu\/en\/wp-json\/wp\/v2\/pages\/1361\/revisions\/1448"}],"wp:featuredmedia":[{"embeddable":true,"href":"https:\/\/iplanet.eu\/en\/wp-json\/wp\/v2\/media\/636"}],"wp:attachment":[{"href":"https:\/\/iplanet.eu\/en\/wp-json\/wp\/v2\/media?parent=1361"}],"curies":[{"name":"wp","href":"https:\/\/api.w.org\/{rel}","templated":true}]}}